{"id":12757,"date":"2021-01-25T22:04:37","date_gmt":"2021-01-25T21:04:37","guid":{"rendered":"http:\/\/www.kalangu.net\/?page_id=12757"},"modified":"2024-04-17T20:17:02","modified_gmt":"2024-04-17T18:17:02","slug":"contact","status":"publish","type":"page","link":"https:\/\/www.kalangu.net\/en\/contact","title":{"rendered":"CONTACT"},"content":{"rendered":"\t\t<div data-elementor-type=\"wp-page\" data-elementor-id=\"12757\" class=\"elementor elementor-12757 elementor-961\" data-elementor-post-type=\"page\">\n\t\t\t\t\t\t<header class=\"elementor-section elementor-top-section elementor-element elementor-element-50c02ed elementor-section-stretched elementor-section-full_width elementor-section-height-min-height elementor-section-height-default elementor-section-items-middle\" data-id=\"50c02ed\" data-element_type=\"section\" data-e-type=\"section\" data-settings=\"{&quot;stretch_section&quot;:&quot;section-stretched&quot;,&quot;background_background&quot;:&quot;classic&quot;,&quot;shape_divider_bottom&quot;:&quot;waves&quot;}\">\n\t\t\t\t\t\t\t<div class=\"elementor-background-overlay\"><\/div>\n\t\t\t\t\t\t<div class=\"elementor-shape elementor-shape-bottom\" aria-hidden=\"true\" data-negative=\"false\">\n\t\t\t<svg xmlns=\"http:\/\/www.w3.org\/2000\/svg\" viewBox=\"0 0 1000 100\" preserveAspectRatio=\"none\">\n\t<path class=\"elementor-shape-fill\" d=\"M421.9,6.5c22.6-2.5,51.5,0.4,75.5,5.3c23.6,4.9,70.9,23.5,100.5,35.7c75.8,32.2,133.7,44.5,192.6,49.7\n\tc23.6,2.1,48.7,3.5,103.4-2.5c54.7-6,106.2-25.6,106.2-25.6V0H0v30.3c0,0,72,32.6,158.4,30.5c39.2-0.7,92.8-6.7,134-22.4\n\tc21.2-8.1,52.2-18.2,79.7-24.2C399.3,7.9,411.6,7.5,421.9,6.5z\"\/>\n<\/svg>\t\t<\/div>\n\t\t\t\t\t<div class=\"elementor-container elementor-column-gap-wider\">\n\t\t\t\t\t<div class=\"elementor-column elementor-col-100 elementor-top-column elementor-element elementor-element-5dbf3a0\" data-id=\"5dbf3a0\" data-element_type=\"column\" data-e-type=\"column\">\n\t\t\t<div class=\"elementor-widget-wrap elementor-element-populated\">\n\t\t\t\t\t\t<div class=\"elementor-element elementor-element-5f7cd17 elementor-widget__width-initial elementor-widget-mobile__width-initial elementor-widget elementor-widget-heading\" data-id=\"5f7cd17\" data-element_type=\"widget\" data-e-type=\"widget\" data-widget_type=\"heading.default\">\n\t\t\t\t<div class=\"elementor-widget-container\">\n\t\t\t\t\t<h2 class=\"elementor-heading-title elementor-size-default\">let's connect.<br><br><\/h2>\t\t\t\t<\/div>\n\t\t\t\t<\/div>\n\t\t\t\t<div class=\"elementor-element elementor-element-3c63285 elementor-widget elementor-widget-text-editor\" data-id=\"3c63285\" data-element_type=\"widget\" data-e-type=\"widget\" data-widget_type=\"text-editor.default\">\n\t\t\t\t<div class=\"elementor-widget-container\">\n\t\t\t\t\t\t\t\t\t<p>&#8220;There are risks and costs to action. But they are far less than the long range risks of comfortable inaction.&#8221;<\/p>\t\t\t\t\t\t\t\t<\/div>\n\t\t\t\t<\/div>\n\t\t\t\t<div class=\"elementor-element elementor-element-817691c elementor-widget elementor-widget-heading\" data-id=\"817691c\" data-element_type=\"widget\" data-e-type=\"widget\" data-widget_type=\"heading.default\">\n\t\t\t\t<div class=\"elementor-widget-container\">\n\t\t\t\t\t<h2 class=\"elementor-heading-title elementor-size-default\">John F. Kennedy<\/h2>\t\t\t\t<\/div>\n\t\t\t\t<\/div>\n\t\t\t\t\t<\/div>\n\t\t<\/div>\n\t\t\t\t\t<\/div>\n\t\t<\/header>\n\t\t\t\t<section class=\"elementor-section elementor-top-section elementor-element elementor-element-4952c54 elementor-section-boxed elementor-section-height-default elementor-section-height-default\" data-id=\"4952c54\" data-element_type=\"section\" data-e-type=\"section\">\n\t\t\t\t\t\t<div class=\"elementor-container elementor-column-gap-default\">\n\t\t\t\t\t<div class=\"elementor-column elementor-col-100 elementor-top-column elementor-element elementor-element-59ef2df\" data-id=\"59ef2df\" data-element_type=\"column\" data-e-type=\"column\">\n\t\t\t<div class=\"elementor-widget-wrap elementor-element-populated\">\n\t\t\t\t\t\t<div class=\"elementor-element elementor-element-354d2e4 elementor-widget elementor-widget-spacer\" data-id=\"354d2e4\" data-element_type=\"widget\" data-e-type=\"widget\" data-widget_type=\"spacer.default\">\n\t\t\t\t<div class=\"elementor-widget-container\">\n\t\t\t\t\t\t\t<div class=\"elementor-spacer\">\n\t\t\t<div class=\"elementor-spacer-inner\"><\/div>\n\t\t<\/div>\n\t\t\t\t\t\t<\/div>\n\t\t\t\t<\/div>\n\t\t\t\t\t<\/div>\n\t\t<\/div>\n\t\t\t\t\t<\/div>\n\t\t<\/section>\n\t\t\t\t<section class=\"elementor-section elementor-top-section elementor-element elementor-element-3e7488f elementor-section-full_width elementor-section-stretched elementor-section-height-default elementor-section-height-default\" data-id=\"3e7488f\" data-element_type=\"section\" data-e-type=\"section\" data-settings=\"{&quot;background_background&quot;:&quot;classic&quot;,&quot;stretch_section&quot;:&quot;section-stretched&quot;}\">\n\t\t\t\t\t\t<div class=\"elementor-container elementor-column-gap-wider\">\n\t\t\t\t\t<div class=\"elementor-column elementor-col-100 elementor-top-column elementor-element elementor-element-f9ceeff\" data-id=\"f9ceeff\" data-element_type=\"column\" data-e-type=\"column\">\n\t\t\t<div class=\"elementor-widget-wrap elementor-element-populated\">\n\t\t\t\t\t\t<div class=\"elementor-element elementor-element-b3af1ce elementor-widget elementor-widget-heading\" data-id=\"b3af1ce\" data-element_type=\"widget\" data-e-type=\"widget\" data-widget_type=\"heading.default\">\n\t\t\t\t<div class=\"elementor-widget-container\">\n\t\t\t\t\t<h2 class=\"elementor-heading-title elementor-size-default\">kudos to you for taking the first step forward.<\/h2>\t\t\t\t<\/div>\n\t\t\t\t<\/div>\n\t\t\t\t<section class=\"elementor-section elementor-inner-section elementor-element elementor-element-293c98c elementor-section-boxed elementor-section-height-default elementor-section-height-default\" data-id=\"293c98c\" data-element_type=\"section\" data-e-type=\"section\">\n\t\t\t\t\t\t<div class=\"elementor-container elementor-column-gap-default\">\n\t\t\t\t\t<div class=\"elementor-column elementor-col-50 elementor-inner-column elementor-element elementor-element-631917f elementor-invisible\" data-id=\"631917f\" data-element_type=\"column\" data-e-type=\"column\" data-settings=\"{&quot;animation&quot;:&quot;fadeIn&quot;}\">\n\t\t\t<div class=\"elementor-widget-wrap elementor-element-populated\">\n\t\t\t\t\t\t<div class=\"elementor-element elementor-element-f120d77 elementor-widget elementor-widget-text-editor\" data-id=\"f120d77\" data-element_type=\"widget\" data-e-type=\"widget\" data-widget_type=\"text-editor.default\">\n\t\t\t\t<div class=\"elementor-widget-container\">\n\t\t\t\t\t\t\t\t\t<p>How can I help?\u00a0<\/p>\t\t\t\t\t\t\t\t<\/div>\n\t\t\t\t<\/div>\n\t\t\t\t<div class=\"elementor-element elementor-element-6e28d9f title-divider elementor-widget-divider--view-line elementor-widget elementor-widget-divider\" data-id=\"6e28d9f\" data-element_type=\"widget\" data-e-type=\"widget\" data-widget_type=\"divider.default\">\n\t\t\t\t<div class=\"elementor-widget-container\">\n\t\t\t\t\t\t\t<div class=\"elementor-divider\">\n\t\t\t<span class=\"elementor-divider-separator\">\n\t\t\t\t\t\t<\/span>\n\t\t<\/div>\n\t\t\t\t\t\t<\/div>\n\t\t\t\t<\/div>\n\t\t\t\t\t<\/div>\n\t\t<\/div>\n\t\t\t\t<div class=\"elementor-column elementor-col-50 elementor-inner-column elementor-element elementor-element-3214735 elementor-invisible\" data-id=\"3214735\" data-element_type=\"column\" data-e-type=\"column\" data-settings=\"{&quot;animation&quot;:&quot;fadeIn&quot;,&quot;animation_delay&quot;:500}\">\n\t\t\t<div class=\"elementor-widget-wrap elementor-element-populated\">\n\t\t\t\t\t\t<div class=\"elementor-element elementor-element-8ee8e76 elementor-widget elementor-widget-text-editor\" data-id=\"8ee8e76\" data-element_type=\"widget\" data-e-type=\"widget\" data-widget_type=\"text-editor.default\">\n\t\t\t\t<div class=\"elementor-widget-container\">\n\t\t\t\t\t\t\t\t\t<p>I&#8217;m really glad that you have decided to contact me. This means that you are serious about wanting to find more sustainable ways of working or building your business.&nbsp;<\/p>\n<p>If you have questions about the topics on the website or you&#8217;d like to explore the possibilities of working together, please fill out the form below or send an email to evat@kalangu.net so that we can set up a 30-minute complimentary call.<\/p>\n<p>I look forward to hearing from you!<\/p>\t\t\t\t\t\t\t\t<\/div>\n\t\t\t\t<\/div>\n\t\t\t\t<div class=\"elementor-element elementor-element-5d346a0 elementor-button-align-stretch elementor-widget elementor-widget-form\" data-id=\"5d346a0\" data-element_type=\"widget\" data-e-type=\"widget\" data-settings=\"{&quot;step_next_label&quot;:&quot;Next&quot;,&quot;step_previous_label&quot;:&quot;Previous&quot;,&quot;button_width&quot;:&quot;100&quot;,&quot;step_type&quot;:&quot;number_text&quot;,&quot;step_icon_shape&quot;:&quot;circle&quot;}\" data-widget_type=\"form.default\">\n\t\t\t\t<div class=\"elementor-widget-container\">\n\t\t\t\t\t\t\t<form class=\"elementor-form\" method=\"post\" name=\"New Form\" aria-label=\"New Form\">\n\t\t\t<input type=\"hidden\" name=\"post_id\" value=\"12757\"\/>\n\t\t\t<input type=\"hidden\" name=\"form_id\" value=\"5d346a0\"\/>\n\t\t\t<input type=\"hidden\" name=\"referer_title\" value=\"CONTACT - www.kalangu.net\" \/>\n\n\t\t\t\t\t\t\t<input type=\"hidden\" name=\"queried_id\" value=\"12757\"\/>\n\t\t\t\n\t\t\t<div class=\"elementor-form-fields-wrapper elementor-labels-above\">\n\t\t\t\t\t\t\t\t<div class=\"elementor-field-type-text elementor-field-group elementor-column elementor-field-group-email elementor-col-100 elementor-field-required elementor-mark-required\">\n\t\t\t\t\t\t\t\t\t\t\t\t\t<input size=\"1\" type=\"text\" name=\"form_fields[email]\" id=\"form-field-email\" class=\"elementor-field elementor-size-md  elementor-field-textual\" placeholder=\"FIRST NAME\" required=\"required\">\n\t\t\t\t\t\t\t\t\t\t\t<\/div>\n\t\t\t\t\t\t\t\t<div class=\"elementor-field-type-text elementor-field-group elementor-column elementor-field-group-field_298c1aa elementor-col-100 elementor-field-required elementor-mark-required\">\n\t\t\t\t\t\t\t\t\t\t\t\t\t<input size=\"1\" type=\"text\" name=\"form_fields[field_298c1aa]\" id=\"form-field-field_298c1aa\" class=\"elementor-field elementor-size-md  elementor-field-textual\" placeholder=\"SURNAME\" required=\"required\">\n\t\t\t\t\t\t\t\t\t\t\t<\/div>\n\t\t\t\t\t\t\t\t<div class=\"elementor-field-type-email elementor-field-group elementor-column elementor-field-group-field_1 elementor-col-100 elementor-field-required elementor-mark-required\">\n\t\t\t\t\t\t\t\t\t\t\t\t\t<input size=\"1\" type=\"email\" name=\"form_fields[field_1]\" id=\"form-field-field_1\" class=\"elementor-field elementor-size-md  elementor-field-textual\" placeholder=\"EMAIL\" required=\"required\">\n\t\t\t\t\t\t\t\t\t\t\t<\/div>\n\t\t\t\t\t\t\t\t<div class=\"elementor-field-type-tel elementor-field-group elementor-column elementor-field-group-message elementor-col-100 elementor-field-required elementor-mark-required\">\n\t\t\t\t\t\t\t<input size=\"1\" type=\"tel\" name=\"form_fields[message]\" id=\"form-field-message\" class=\"elementor-field elementor-size-md  elementor-field-textual\" placeholder=\"PHONE NUMBER\" required=\"required\" pattern=\"[0-9()#&amp;+*-=.]+\" title=\"Only numbers and phone characters (#, -, *, etc) are accepted.\">\n\n\t\t\t\t\t\t<\/div>\n\t\t\t\t\t\t\t\t<div class=\"elementor-field-type-textarea elementor-field-group elementor-column elementor-field-group-field_297a0a9 elementor-col-100 elementor-field-required elementor-mark-required\">\n\t\t\t\t\t<textarea class=\"elementor-field-textual elementor-field  elementor-size-md\" name=\"form_fields[field_297a0a9]\" id=\"form-field-field_297a0a9\" rows=\"4\" placeholder=\"YOUR QUESTION\" required=\"required\"><\/textarea>\t\t\t\t<\/div>\n\t\t\t\t\t\t\t\t<div class=\"elementor-field-type-recaptcha_v3 elementor-field-group elementor-column elementor-field-group-field_5a762f9 elementor-col-100 recaptcha_v3-bottomright\">\n\t\t\t\t\t<div class=\"elementor-field\" id=\"form-field-field_5a762f9\"><div class=\"elementor-g-recaptcha\" data-sitekey=\"6LeXEewpAAAAAG_1KYlupRPZiD6bt0fBaqONUjQk\" data-type=\"v3\" data-action=\"Form\" data-badge=\"bottomright\" data-size=\"invisible\"><\/div><\/div>\t\t\t\t<\/div>\n\t\t\t\t\t\t\t\t<div class=\"elementor-field-type-acceptance elementor-field-group elementor-column elementor-field-group-field_c932a6c elementor-col-100 elementor-field-required elementor-mark-required\">\n\t\t\t\t\t\t\t<div class=\"elementor-field-subgroup\">\n\t\t\t<span class=\"elementor-field-option\">\n\t\t\t\t<input type=\"checkbox\" name=\"form_fields[field_c932a6c]\" id=\"form-field-field_c932a6c\" class=\"elementor-field elementor-size-md  elementor-acceptance-field\" required=\"required\">\n\t\t\t\t<label for=\"form-field-field_c932a6c\">Please check the box if you would like to be contacted. By doing so, you also accept our privacy policy, which can be found at https:\/\/www.kalangu.net\/en\/privacy-policy. You will not be contacted again unless you choose to be.<\/label>\t\t\t<\/span>\n\t\t<\/div>\n\t\t\t\t\t\t<\/div>\n\t\t\t\t\t\t\t\t<div class=\"elementor-field-group elementor-column elementor-field-type-submit elementor-col-100 e-form__buttons\">\n\t\t\t\t\t<button class=\"elementor-button elementor-size-sm\" type=\"submit\">\n\t\t\t\t\t\t<span class=\"elementor-button-content-wrapper\">\n\t\t\t\t\t\t\t\t\t\t\t\t\t\t\t\t\t\t\t\t\t\t<span class=\"elementor-button-text\">SEND<\/span>\n\t\t\t\t\t\t\t\t\t\t\t\t\t<\/span>\n\t\t\t\t\t<\/button>\n\t\t\t\t<\/div>\n\t\t\t<\/div>\n\t\t<\/form>\n\t\t\t\t\t\t<\/div>\n\t\t\t\t<\/div>\n\t\t\t\t\t<\/div>\n\t\t<\/div>\n\t\t\t\t\t<\/div>\n\t\t<\/section>\n\t\t\t\t\t<\/div>\n\t\t<\/div>\n\t\t\t\t\t<\/div>\n\t\t<\/section>\n\t\t\t\t<\/div>\n\t\t","protected":false},"excerpt":{"rendered":"<p>let&#8217;s connect. &#8220;There are risks and costs to action. But they are far less than the long range risks of comfortable inaction.&#8221; John F. Kennedy kudos to you for taking the first step forward. How can I help?\u00a0 I&#8217;m really glad that you have decided to contact me. This means that you are serious about&hellip;&nbsp;<a href=\"https:\/\/www.kalangu.net\/en\/contact\" rel=\"bookmark\">Read More &raquo;<span class=\"screen-reader-text\">CONTACT<\/span><\/a><\/p>\n","protected":false},"author":1,"featured_media":0,"parent":0,"menu_order":0,"comment_status":"closed","ping_status":"closed","template":"","meta":{"neve_meta_sidebar":"full-width","neve_meta_container":"","neve_meta_enable_content_width":"on","neve_meta_content_width":100,"neve_meta_title_alignment":"","neve_meta_author_avatar":"","neve_post_elements_order":"","neve_meta_disable_header":"","neve_meta_disable_footer":"","neve_meta_disable_title":"on","_themeisle_gutenberg_block_has_review":false,"footnotes":""},"class_list":["post-12757","page","type-page","status-publish","hentry"],"yoast_head":"<!-- This site is optimized with the Yoast SEO plugin v27.6 - https:\/\/yoast.com\/product\/yoast-seo-wordpress\/ -->\n<title>CONTACT - www.kalangu.net<\/title>\n<meta name=\"robots\" content=\"index, follow, max-snippet:-1, max-image-preview:large, max-video-preview:-1\" \/>\n<link rel=\"canonical\" href=\"https:\/\/www.kalangu.net\/en\/contact\" \/>\n<meta property=\"og:locale\" content=\"en_US\" \/>\n<meta property=\"og:type\" content=\"article\" \/>\n<meta property=\"og:title\" content=\"CONTACT - www.kalangu.net\" \/>\n<meta property=\"og:description\" content=\"let&#8217;s connect. &#8220;There are risks and costs to action. But they are far less than the long range risks of comfortable inaction.&#8221; John F. Kennedy kudos to you for taking the first step forward. How can I help?\u00a0 I&#8217;m really glad that you have decided to contact me. This means that you are serious about&hellip;&nbsp;Read More &raquo;CONTACT\" \/>\n<meta property=\"og:url\" content=\"https:\/\/www.kalangu.net\/en\/contact\" \/>\n<meta property=\"og:site_name\" content=\"www.kalangu.net\" \/>\n<meta property=\"article:publisher\" content=\"https:\/\/www.facebook.com\/kalangucoachingglobal\/\" \/>\n<meta property=\"article:modified_time\" content=\"2024-04-17T18:17:02+00:00\" \/>\n<meta name=\"twitter:card\" content=\"summary_large_image\" \/>\n<meta name=\"twitter:label1\" content=\"Est. reading time\" \/>\n\t<meta name=\"twitter:data1\" content=\"1 minute\" \/>\n<script type=\"application\/ld+json\" class=\"yoast-schema-graph\">{\"@context\":\"https:\\\/\\\/schema.org\",\"@graph\":[{\"@type\":\"WebPage\",\"@id\":\"https:\\\/\\\/www.kalangu.net\\\/en\\\/contact\",\"url\":\"https:\\\/\\\/www.kalangu.net\\\/en\\\/contact\",\"name\":\"CONTACT - www.kalangu.net\",\"isPartOf\":{\"@id\":\"https:\\\/\\\/www.kalangu.net\\\/en#website\"},\"datePublished\":\"2021-01-25T21:04:37+00:00\",\"dateModified\":\"2024-04-17T18:17:02+00:00\",\"breadcrumb\":{\"@id\":\"https:\\\/\\\/www.kalangu.net\\\/en\\\/contact#breadcrumb\"},\"inLanguage\":\"en-US\",\"potentialAction\":[{\"@type\":\"ReadAction\",\"target\":[\"https:\\\/\\\/www.kalangu.net\\\/en\\\/contact\"]}]},{\"@type\":\"BreadcrumbList\",\"@id\":\"https:\\\/\\\/www.kalangu.net\\\/en\\\/contact#breadcrumb\",\"itemListElement\":[{\"@type\":\"ListItem\",\"position\":1,\"name\":\"Home\",\"item\":\"https:\\\/\\\/www.kalangu.net\\\/en\"},{\"@type\":\"ListItem\",\"position\":2,\"name\":\"CONTACT\"}]},{\"@type\":\"WebSite\",\"@id\":\"https:\\\/\\\/www.kalangu.net\\\/en#website\",\"url\":\"https:\\\/\\\/www.kalangu.net\\\/en\",\"name\":\"www.kalangu.net\",\"description\":\"Ritmusv\u00e1lt\u00e1s: eredm\u00e9nyesen egy \u00faj k\u00f6rnyezetben\",\"publisher\":{\"@id\":\"https:\\\/\\\/www.kalangu.net\\\/en#organization\"},\"potentialAction\":[{\"@type\":\"SearchAction\",\"target\":{\"@type\":\"EntryPoint\",\"urlTemplate\":\"https:\\\/\\\/www.kalangu.net\\\/en?s={search_term_string}\"},\"query-input\":{\"@type\":\"PropertyValueSpecification\",\"valueRequired\":true,\"valueName\":\"search_term_string\"}}],\"inLanguage\":\"en-US\"},{\"@type\":\"Organization\",\"@id\":\"https:\\\/\\\/www.kalangu.net\\\/en#organization\",\"name\":\"Kalangu Coaching\",\"url\":\"https:\\\/\\\/www.kalangu.net\\\/en\",\"logo\":{\"@type\":\"ImageObject\",\"inLanguage\":\"en-US\",\"@id\":\"https:\\\/\\\/www.kalangu.net\\\/en#\\\/schema\\\/logo\\\/image\\\/\",\"url\":\"http:\\\/\\\/www.kalangu.net\\\/wp-content\\\/uploads\\\/2017\\\/11\\\/Kalangu-LOGO-final_SMALL3.jpg\",\"contentUrl\":\"http:\\\/\\\/www.kalangu.net\\\/wp-content\\\/uploads\\\/2017\\\/11\\\/Kalangu-LOGO-final_SMALL3.jpg\",\"width\":300,\"height\":138,\"caption\":\"Kalangu Coaching\"},\"image\":{\"@id\":\"https:\\\/\\\/www.kalangu.net\\\/en#\\\/schema\\\/logo\\\/image\\\/\"},\"sameAs\":[\"https:\\\/\\\/www.facebook.com\\\/kalangucoachingglobal\\\/\"]}]}<\/script>\n<!-- \/ Yoast SEO plugin. -->","yoast_head_json":{"title":"CONTACT - www.kalangu.net","robots":{"index":"index","follow":"follow","max-snippet":"max-snippet:-1","max-image-preview":"max-image-preview:large","max-video-preview":"max-video-preview:-1"},"canonical":"https:\/\/www.kalangu.net\/en\/contact","og_locale":"en_US","og_type":"article","og_title":"CONTACT - www.kalangu.net","og_description":"let&#8217;s connect. &#8220;There are risks and costs to action. But they are far less than the long range risks of comfortable inaction.&#8221; John F. Kennedy kudos to you for taking the first step forward. How can I help?\u00a0 I&#8217;m really glad that you have decided to contact me. This means that you are serious about&hellip;&nbsp;Read More &raquo;CONTACT","og_url":"https:\/\/www.kalangu.net\/en\/contact","og_site_name":"www.kalangu.net","article_publisher":"https:\/\/www.facebook.com\/kalangucoachingglobal\/","article_modified_time":"2024-04-17T18:17:02+00:00","twitter_card":"summary_large_image","twitter_misc":{"Est. reading time":"1 minute"},"schema":{"@context":"https:\/\/schema.org","@graph":[{"@type":"WebPage","@id":"https:\/\/www.kalangu.net\/en\/contact","url":"https:\/\/www.kalangu.net\/en\/contact","name":"CONTACT - www.kalangu.net","isPartOf":{"@id":"https:\/\/www.kalangu.net\/en#website"},"datePublished":"2021-01-25T21:04:37+00:00","dateModified":"2024-04-17T18:17:02+00:00","breadcrumb":{"@id":"https:\/\/www.kalangu.net\/en\/contact#breadcrumb"},"inLanguage":"en-US","potentialAction":[{"@type":"ReadAction","target":["https:\/\/www.kalangu.net\/en\/contact"]}]},{"@type":"BreadcrumbList","@id":"https:\/\/www.kalangu.net\/en\/contact#breadcrumb","itemListElement":[{"@type":"ListItem","position":1,"name":"Home","item":"https:\/\/www.kalangu.net\/en"},{"@type":"ListItem","position":2,"name":"CONTACT"}]},{"@type":"WebSite","@id":"https:\/\/www.kalangu.net\/en#website","url":"https:\/\/www.kalangu.net\/en","name":"www.kalangu.net","description":"Ritmusv\u00e1lt\u00e1s: eredm\u00e9nyesen egy \u00faj k\u00f6rnyezetben","publisher":{"@id":"https:\/\/www.kalangu.net\/en#organization"},"potentialAction":[{"@type":"SearchAction","target":{"@type":"EntryPoint","urlTemplate":"https:\/\/www.kalangu.net\/en?s={search_term_string}"},"query-input":{"@type":"PropertyValueSpecification","valueRequired":true,"valueName":"search_term_string"}}],"inLanguage":"en-US"},{"@type":"Organization","@id":"https:\/\/www.kalangu.net\/en#organization","name":"Kalangu Coaching","url":"https:\/\/www.kalangu.net\/en","logo":{"@type":"ImageObject","inLanguage":"en-US","@id":"https:\/\/www.kalangu.net\/en#\/schema\/logo\/image\/","url":"http:\/\/www.kalangu.net\/wp-content\/uploads\/2017\/11\/Kalangu-LOGO-final_SMALL3.jpg","contentUrl":"http:\/\/www.kalangu.net\/wp-content\/uploads\/2017\/11\/Kalangu-LOGO-final_SMALL3.jpg","width":300,"height":138,"caption":"Kalangu Coaching"},"image":{"@id":"https:\/\/www.kalangu.net\/en#\/schema\/logo\/image\/"},"sameAs":["https:\/\/www.facebook.com\/kalangucoachingglobal\/"]}]}},"_links":{"self":[{"href":"https:\/\/www.kalangu.net\/en\/wp-json\/wp\/v2\/pages\/12757","targetHints":{"allow":["GET"]}}],"collection":[{"href":"https:\/\/www.kalangu.net\/en\/wp-json\/wp\/v2\/pages"}],"about":[{"href":"https:\/\/www.kalangu.net\/en\/wp-json\/wp\/v2\/types\/page"}],"author":[{"embeddable":true,"href":"https:\/\/www.kalangu.net\/en\/wp-json\/wp\/v2\/users\/1"}],"replies":[{"embeddable":true,"href":"https:\/\/www.kalangu.net\/en\/wp-json\/wp\/v2\/comments?post=12757"}],"version-history":[{"count":0,"href":"https:\/\/www.kalangu.net\/en\/wp-json\/wp\/v2\/pages\/12757\/revisions"}],"wp:attachment":[{"href":"https:\/\/www.kalangu.net\/en\/wp-json\/wp\/v2\/media?parent=12757"}],"curies":[{"name":"wp","href":"https:\/\/api.w.org\/{rel}","templated":true}]}}