{"id":1373,"date":"2013-03-19T20:30:10","date_gmt":"2013-03-19T20:30:10","guid":{"rendered":"http:\/\/www.kalangu.net\/?page_id=1373"},"modified":"2014-05-23T15:46:30","modified_gmt":"2014-05-23T13:46:30","slug":"what-clients-say","status":"publish","type":"page","link":"https:\/\/www.kalangu.net\/en\/what-clients-say","title":{"rendered":"TESTIMONIALS"},"content":{"rendered":"<p style=\"padding-left: 30px;\"><span style=\"font-size: 28px;\"><span style=\"font-size: 16px;\">&#8220;To Eva, with all my admiration for your talent to integrate your learnings and to foster confidence in your clients.&#8221;<\/span><br \/>\n<\/span><\/p>\n<p style=\"padding-left: 30px;\"><span style=\"font-size: 14pt;\"><strong><em><span style=\"font-family: trebuchet ms,geneva;\">Peter SZABO, Doctor of Law, MCC, Coach, Trainer, Author, Switzerland<\/span><\/em><\/strong><\/span><\/p>\n<p style=\"padding-left: 30px;\"><a href=\"http:\/\/www.clker.com\/clipart-26360.html\" target=\"_blank\"><br \/>\n<img decoding=\"async\" class=\"aligncenter\" title=\"Ornamental decorative divider\" src=\"http:\/\/www.clker.com\/cliparts\/d\/a\/d\/a\/1237916330642196052IceHand_Ornamental_Divider_Englische_Linie.svg.thumb.png\" alt=\"\" width=\"100\" height=\"4\" \/><\/a><\/p>\n<p style=\"padding-left: 30px;\">In the end of 2012 I was made redundant after 15 years of hard, professionally fruitful work, due to a large budget cut within an international telecommunications company. I felt that the worth of my knowledge and experience was zero, and I collapsed. My family continuously fought for me, against me, and a lot of good friends helped my family and me. I want to tell them a HUGE THANKS. Therefore, I write this recommendation.<br \/>\nOne of the people, who helped me was Eva, who is a business and leadership coach. She helped me rebuild my self-confidence. It was a five months long journey in the field of my emotions. We usually talked biweekly sometimes personally, sometimes on Skype. Step by step we approached my most painful problems. At the beginning my negative emotions were the biggest challenge. Eva helped me to find the way out from my dark emotion labyrinth.<br \/>\nShe never told me what to do. During our conversations, she searched for the piece of possible solution which comes from me and she highlighted it. After the meetings I usually continued the line of thought we started, and from time to time I found an answer to my most pressing issues.<br \/>\nMy attitude is now changed. I found my values, strengths and potentials again. I was finally able to concentrate on my future. At this point we were able to define the attributes of the ideal workplace for me, while I continuously looked for a job. When my attitude changed my success rate increased. First, I found some freelance work and eventually I found my new job. This would not have been possible without a change of perspective, and without developing my awareness in what I really wanted. Thanks to Eva.<\/p>\n<p style=\"padding-left: 30px;\"><strong><em><span style=\"font-size: 14pt;\">Laszlo SZEKRENYES,\u00a0 MBA, EA, IT Consultant, Lead Consultant at Stratis, Hungary<br \/>\n<\/span><\/em><\/strong><\/p>\n<p style=\"padding-left: 30px;\"><a href=\"http:\/\/www.clker.com\/clipart-26360.html\" target=\"_blank\"><br \/>\n<img decoding=\"async\" class=\"aligncenter\" title=\"Ornamental decorative divider\" src=\"http:\/\/www.clker.com\/cliparts\/d\/a\/d\/a\/1237916330642196052IceHand_Ornamental_Divider_Englische_Linie.svg.thumb.png\" alt=\"\" width=\"100\" height=\"4\" \/><\/a><\/p>\n<p style=\"padding-left: 30px;\">It is a true pleasure for me to write this letter of recommendation for Eva Tornallyay who was my mentor and a coach in choosing a name for my long awaited business.<br \/>\nEva is a careful and creative thinker with an eye for details and a devotion to logic which serves her well in the industry that she is in. She has the terrific ability to draw on her own experience and observation to develop thoughtful opinions on a variety of issues. She is truly patient and intelligent. Her fashion to helping people succeed is amazing.<br \/>\nSo for those that may need a Business ,Leadership Coach, and Team Coaching I strongly recommend Eva Tornallyay at Kalangu Coaching.<\/p>\n<p style=\"padding-left: 30px;\"><em><strong><span style=\"font-size: 14pt;\">Melinda CRAWFORD, President &amp; CEO at Express Concierge Services, USA<\/span><\/strong><\/em><\/p>\n","protected":false},"excerpt":{"rendered":"<p>&#8220;To Eva, with all my admiration for your talent to integrate your learnings and to foster confidence in your clients.&#8221; Peter SZABO, Doctor of Law, MCC, Coach, Trainer, Author, Switzerland In the end of 2012 I was made redundant after 15 years of hard, professionally fruitful work, due to a large budget cut within an&hellip;&nbsp;<a href=\"https:\/\/www.kalangu.net\/en\/what-clients-say\" rel=\"bookmark\">Read More &raquo;<span class=\"screen-reader-text\">TESTIMONIALS<\/span><\/a><\/p>\n","protected":false},"author":1,"featured_media":997,"parent":0,"menu_order":0,"comment_status":"open","ping_status":"open","template":"","meta":{"neve_meta_sidebar":"","neve_meta_container":"","neve_meta_enable_content_width":"","neve_meta_content_width":0,"neve_meta_title_alignment":"","neve_meta_author_avatar":"","neve_post_elements_order":"","neve_meta_disable_header":"","neve_meta_disable_footer":"","neve_meta_disable_title":"","_themeisle_gutenberg_block_has_review":false,"footnotes":""},"class_list":["post-1373","page","type-page","status-publish","has-post-thumbnail","hentry"],"yoast_head":"<!-- This site is optimized with the Yoast SEO plugin v27.6 - https:\/\/yoast.com\/product\/yoast-seo-wordpress\/ -->\n<title>TESTIMONIALS - www.kalangu.net<\/title>\n<meta name=\"robots\" content=\"index, follow, max-snippet:-1, max-image-preview:large, max-video-preview:-1\" \/>\n<link rel=\"canonical\" href=\"https:\/\/www.kalangu.net\/en\/what-clients-say\" \/>\n<meta property=\"og:locale\" content=\"en_US\" \/>\n<meta property=\"og:type\" content=\"article\" \/>\n<meta property=\"og:title\" content=\"TESTIMONIALS - www.kalangu.net\" \/>\n<meta property=\"og:description\" content=\"&#8220;To Eva, with all my admiration for your talent to integrate your learnings and to foster confidence in your clients.&#8221; Peter SZABO, Doctor of Law, MCC, Coach, Trainer, Author, Switzerland In the end of 2012 I was made redundant after 15 years of hard, professionally fruitful work, due to a large budget cut within an&hellip;&nbsp;Read More &raquo;TESTIMONIALS\" \/>\n<meta property=\"og:url\" content=\"https:\/\/www.kalangu.net\/en\/what-clients-say\" \/>\n<meta property=\"og:site_name\" content=\"www.kalangu.net\" \/>\n<meta property=\"article:publisher\" content=\"https:\/\/www.facebook.com\/kalangucoachingglobal\/\" \/>\n<meta property=\"article:modified_time\" content=\"2014-05-23T13:46:30+00:00\" \/>\n<meta property=\"og:image\" content=\"https:\/\/www.kalangu.net\/wp-content\/uploads\/2013\/02\/testimonials.jpg\" \/>\n\t<meta property=\"og:image:width\" content=\"940\" \/>\n\t<meta property=\"og:image:height\" content=\"350\" \/>\n\t<meta property=\"og:image:type\" content=\"image\/jpeg\" \/>\n<meta name=\"twitter:card\" content=\"summary_large_image\" \/>\n<meta name=\"twitter:label1\" content=\"Est. reading time\" \/>\n\t<meta name=\"twitter:data1\" content=\"2 minutes\" \/>\n<script type=\"application\/ld+json\" class=\"yoast-schema-graph\">{\"@context\":\"https:\\\/\\\/schema.org\",\"@graph\":[{\"@type\":\"WebPage\",\"@id\":\"https:\\\/\\\/www.kalangu.net\\\/en\\\/what-clients-say\",\"url\":\"https:\\\/\\\/www.kalangu.net\\\/en\\\/what-clients-say\",\"name\":\"TESTIMONIALS - www.kalangu.net\",\"isPartOf\":{\"@id\":\"https:\\\/\\\/www.kalangu.net\\\/en#website\"},\"primaryImageOfPage\":{\"@id\":\"https:\\\/\\\/www.kalangu.net\\\/en\\\/what-clients-say#primaryimage\"},\"image\":{\"@id\":\"https:\\\/\\\/www.kalangu.net\\\/en\\\/what-clients-say#primaryimage\"},\"thumbnailUrl\":\"https:\\\/\\\/www.kalangu.net\\\/wp-content\\\/uploads\\\/2013\\\/02\\\/testimonials.jpg\",\"datePublished\":\"2013-03-19T20:30:10+00:00\",\"dateModified\":\"2014-05-23T13:46:30+00:00\",\"breadcrumb\":{\"@id\":\"https:\\\/\\\/www.kalangu.net\\\/en\\\/what-clients-say#breadcrumb\"},\"inLanguage\":\"en-US\",\"potentialAction\":[{\"@type\":\"ReadAction\",\"target\":[\"https:\\\/\\\/www.kalangu.net\\\/en\\\/what-clients-say\"]}]},{\"@type\":\"ImageObject\",\"inLanguage\":\"en-US\",\"@id\":\"https:\\\/\\\/www.kalangu.net\\\/en\\\/what-clients-say#primaryimage\",\"url\":\"https:\\\/\\\/www.kalangu.net\\\/wp-content\\\/uploads\\\/2013\\\/02\\\/testimonials.jpg\",\"contentUrl\":\"https:\\\/\\\/www.kalangu.net\\\/wp-content\\\/uploads\\\/2013\\\/02\\\/testimonials.jpg\",\"width\":940,\"height\":350},{\"@type\":\"BreadcrumbList\",\"@id\":\"https:\\\/\\\/www.kalangu.net\\\/en\\\/what-clients-say#breadcrumb\",\"itemListElement\":[{\"@type\":\"ListItem\",\"position\":1,\"name\":\"Home\",\"item\":\"https:\\\/\\\/www.kalangu.net\\\/en\"},{\"@type\":\"ListItem\",\"position\":2,\"name\":\"TESTIMONIALS\"}]},{\"@type\":\"WebSite\",\"@id\":\"https:\\\/\\\/www.kalangu.net\\\/en#website\",\"url\":\"https:\\\/\\\/www.kalangu.net\\\/en\",\"name\":\"www.kalangu.net\",\"description\":\"Ritmusv\u00e1lt\u00e1s: eredm\u00e9nyesen egy \u00faj k\u00f6rnyezetben\",\"publisher\":{\"@id\":\"https:\\\/\\\/www.kalangu.net\\\/en#organization\"},\"potentialAction\":[{\"@type\":\"SearchAction\",\"target\":{\"@type\":\"EntryPoint\",\"urlTemplate\":\"https:\\\/\\\/www.kalangu.net\\\/en?s={search_term_string}\"},\"query-input\":{\"@type\":\"PropertyValueSpecification\",\"valueRequired\":true,\"valueName\":\"search_term_string\"}}],\"inLanguage\":\"en-US\"},{\"@type\":\"Organization\",\"@id\":\"https:\\\/\\\/www.kalangu.net\\\/en#organization\",\"name\":\"Kalangu Coaching\",\"url\":\"https:\\\/\\\/www.kalangu.net\\\/en\",\"logo\":{\"@type\":\"ImageObject\",\"inLanguage\":\"en-US\",\"@id\":\"https:\\\/\\\/www.kalangu.net\\\/en#\\\/schema\\\/logo\\\/image\\\/\",\"url\":\"http:\\\/\\\/www.kalangu.net\\\/wp-content\\\/uploads\\\/2017\\\/11\\\/Kalangu-LOGO-final_SMALL3.jpg\",\"contentUrl\":\"http:\\\/\\\/www.kalangu.net\\\/wp-content\\\/uploads\\\/2017\\\/11\\\/Kalangu-LOGO-final_SMALL3.jpg\",\"width\":300,\"height\":138,\"caption\":\"Kalangu Coaching\"},\"image\":{\"@id\":\"https:\\\/\\\/www.kalangu.net\\\/en#\\\/schema\\\/logo\\\/image\\\/\"},\"sameAs\":[\"https:\\\/\\\/www.facebook.com\\\/kalangucoachingglobal\\\/\"]}]}<\/script>\n<!-- \/ Yoast SEO plugin. -->","yoast_head_json":{"title":"TESTIMONIALS - www.kalangu.net","robots":{"index":"index","follow":"follow","max-snippet":"max-snippet:-1","max-image-preview":"max-image-preview:large","max-video-preview":"max-video-preview:-1"},"canonical":"https:\/\/www.kalangu.net\/en\/what-clients-say","og_locale":"en_US","og_type":"article","og_title":"TESTIMONIALS - www.kalangu.net","og_description":"&#8220;To Eva, with all my admiration for your talent to integrate your learnings and to foster confidence in your clients.&#8221; Peter SZABO, Doctor of Law, MCC, Coach, Trainer, Author, Switzerland In the end of 2012 I was made redundant after 15 years of hard, professionally fruitful work, due to a large budget cut within an&hellip;&nbsp;Read More &raquo;TESTIMONIALS","og_url":"https:\/\/www.kalangu.net\/en\/what-clients-say","og_site_name":"www.kalangu.net","article_publisher":"https:\/\/www.facebook.com\/kalangucoachingglobal\/","article_modified_time":"2014-05-23T13:46:30+00:00","og_image":[{"width":940,"height":350,"url":"https:\/\/www.kalangu.net\/wp-content\/uploads\/2013\/02\/testimonials.jpg","type":"image\/jpeg"}],"twitter_card":"summary_large_image","twitter_misc":{"Est. reading time":"2 minutes"},"schema":{"@context":"https:\/\/schema.org","@graph":[{"@type":"WebPage","@id":"https:\/\/www.kalangu.net\/en\/what-clients-say","url":"https:\/\/www.kalangu.net\/en\/what-clients-say","name":"TESTIMONIALS - www.kalangu.net","isPartOf":{"@id":"https:\/\/www.kalangu.net\/en#website"},"primaryImageOfPage":{"@id":"https:\/\/www.kalangu.net\/en\/what-clients-say#primaryimage"},"image":{"@id":"https:\/\/www.kalangu.net\/en\/what-clients-say#primaryimage"},"thumbnailUrl":"https:\/\/www.kalangu.net\/wp-content\/uploads\/2013\/02\/testimonials.jpg","datePublished":"2013-03-19T20:30:10+00:00","dateModified":"2014-05-23T13:46:30+00:00","breadcrumb":{"@id":"https:\/\/www.kalangu.net\/en\/what-clients-say#breadcrumb"},"inLanguage":"en-US","potentialAction":[{"@type":"ReadAction","target":["https:\/\/www.kalangu.net\/en\/what-clients-say"]}]},{"@type":"ImageObject","inLanguage":"en-US","@id":"https:\/\/www.kalangu.net\/en\/what-clients-say#primaryimage","url":"https:\/\/www.kalangu.net\/wp-content\/uploads\/2013\/02\/testimonials.jpg","contentUrl":"https:\/\/www.kalangu.net\/wp-content\/uploads\/2013\/02\/testimonials.jpg","width":940,"height":350},{"@type":"BreadcrumbList","@id":"https:\/\/www.kalangu.net\/en\/what-clients-say#breadcrumb","itemListElement":[{"@type":"ListItem","position":1,"name":"Home","item":"https:\/\/www.kalangu.net\/en"},{"@type":"ListItem","position":2,"name":"TESTIMONIALS"}]},{"@type":"WebSite","@id":"https:\/\/www.kalangu.net\/en#website","url":"https:\/\/www.kalangu.net\/en","name":"www.kalangu.net","description":"Ritmusv\u00e1lt\u00e1s: eredm\u00e9nyesen egy \u00faj k\u00f6rnyezetben","publisher":{"@id":"https:\/\/www.kalangu.net\/en#organization"},"potentialAction":[{"@type":"SearchAction","target":{"@type":"EntryPoint","urlTemplate":"https:\/\/www.kalangu.net\/en?s={search_term_string}"},"query-input":{"@type":"PropertyValueSpecification","valueRequired":true,"valueName":"search_term_string"}}],"inLanguage":"en-US"},{"@type":"Organization","@id":"https:\/\/www.kalangu.net\/en#organization","name":"Kalangu Coaching","url":"https:\/\/www.kalangu.net\/en","logo":{"@type":"ImageObject","inLanguage":"en-US","@id":"https:\/\/www.kalangu.net\/en#\/schema\/logo\/image\/","url":"http:\/\/www.kalangu.net\/wp-content\/uploads\/2017\/11\/Kalangu-LOGO-final_SMALL3.jpg","contentUrl":"http:\/\/www.kalangu.net\/wp-content\/uploads\/2017\/11\/Kalangu-LOGO-final_SMALL3.jpg","width":300,"height":138,"caption":"Kalangu Coaching"},"image":{"@id":"https:\/\/www.kalangu.net\/en#\/schema\/logo\/image\/"},"sameAs":["https:\/\/www.facebook.com\/kalangucoachingglobal\/"]}]}},"_links":{"self":[{"href":"https:\/\/www.kalangu.net\/en\/wp-json\/wp\/v2\/pages\/1373","targetHints":{"allow":["GET"]}}],"collection":[{"href":"https:\/\/www.kalangu.net\/en\/wp-json\/wp\/v2\/pages"}],"about":[{"href":"https:\/\/www.kalangu.net\/en\/wp-json\/wp\/v2\/types\/page"}],"author":[{"embeddable":true,"href":"https:\/\/www.kalangu.net\/en\/wp-json\/wp\/v2\/users\/1"}],"replies":[{"embeddable":true,"href":"https:\/\/www.kalangu.net\/en\/wp-json\/wp\/v2\/comments?post=1373"}],"version-history":[{"count":0,"href":"https:\/\/www.kalangu.net\/en\/wp-json\/wp\/v2\/pages\/1373\/revisions"}],"wp:featuredmedia":[{"embeddable":true,"href":"https:\/\/www.kalangu.net\/en\/wp-json\/wp\/v2\/media\/997"}],"wp:attachment":[{"href":"https:\/\/www.kalangu.net\/en\/wp-json\/wp\/v2\/media?parent=1373"}],"curies":[{"name":"wp","href":"https:\/\/api.w.org\/{rel}","templated":true}]}}